{"id":80155,"date":"2019-06-21T12:33:55","date_gmt":"2019-06-21T12:33:55","guid":{"rendered":"http:\/\/artrevolution.ro\/?page_id=80155"},"modified":"2026-01-20T09:20:38","modified_gmt":"2026-01-20T07:20:38","slug":"noutati","status":"publish","type":"page","link":"https:\/\/artrevolution.ro\/index.php\/noutati\/","title":{"rendered":"Nout\u0103\u021bi"},"content":{"rendered":"<div class=\"wpb-content-wrapper\"><p>[vc_row row_height_percent=&#8221;0&#8243; override_padding=&#8221;yes&#8221; h_padding=&#8221;2&#8243; top_padding=&#8221;0&#8243; bottom_padding=&#8221;0&#8243; overlay_alpha=&#8221;50&#8243; gutter_size=&#8221;3&#8243; column_width_percent=&#8221;100&#8243; shift_y=&#8221;0&#8243; z_index=&#8221;0&#8243;][vc_column column_width_percent=&#8221;100&#8243; gutter_size=&#8221;3&#8243; override_padding=&#8221;yes&#8221; column_padding=&#8221;3&#8243; back_color=&#8221;color-xsdn&#8221; overlay_alpha=&#8221;50&#8243; shift_x=&#8221;0&#8243; shift_y=&#8221;-4&#8243; shift_y_fixed=&#8221;yes&#8221; shift_y_down=&#8221;0&#8243; z_index=&#8221;0&#8243; medium_width=&#8221;0&#8243; mobile_width=&#8221;0&#8243; width=&#8221;1\/1&#8243;][vc_empty_space empty_h=&#8221;3&#8243;][vc_row_inner row_inner_height_percent=&#8221;0&#8243; overlay_alpha=&#8221;50&#8243; equal_height=&#8221;yes&#8221; gutter_size=&#8221;0&#8243; shift_y=&#8221;0&#8243;][vc_column_inner column_width_percent=&#8221;100&#8243; position_vertical=&#8221;middle&#8221; align_horizontal=&#8221;align_right&#8221; gutter_size=&#8221;3&#8243; override_padding=&#8221;yes&#8221; column_padding=&#8221;2&#8243; overlay_alpha=&#8221;50&#8243; border_color=&#8221;color-gyho&#8221; border_style=&#8221;solid&#8221; shift_x=&#8221;0&#8243; shift_y=&#8221;0&#8243; shift_y_down=&#8221;0&#8243; z_index=&#8221;0&#8243; medium_width=&#8221;2&#8243; align_mobile=&#8221;align_center_mobile&#8221; mobile_width=&#8221;0&#8243; width=&#8221;3\/12&#8243; css=&#8221;.vc_custom_1495102345881{border-right-width: 1px !important;}&#8221;][vc_custom_heading heading_semantic=&#8221;h3&#8243; text_font=&#8221;font-202503&#8243; text_size=&#8221;h3&#8243; text_weight=&#8221;400&#8243; text_transform=&#8221;uppercase&#8221; text_space=&#8221;fontspace-781688&#8243;]<\/p>\n<h3 style=\"text-align: center;\">Art Revolution<\/h3>\n<p>[\/vc_custom_heading][\/vc_column_inner][vc_column_inner column_width_percent=&#8221;100&#8243; position_vertical=&#8221;middle&#8221; gutter_size=&#8221;3&#8243; override_padding=&#8221;yes&#8221; column_padding=&#8221;2&#8243; overlay_alpha=&#8221;50&#8243; shift_x=&#8221;0&#8243; shift_y=&#8221;0&#8243; shift_y_down=&#8221;0&#8243; z_index=&#8221;0&#8243; medium_width=&#8221;6&#8243; align_mobile=&#8221;align_center_mobile&#8221; mobile_width=&#8221;0&#8243; width=&#8221;9\/12&#8243;][vc_custom_heading text_color=&#8221;color-rgdb&#8221; heading_semantic=&#8221;h3&#8243; text_size=&#8221;&#8221; text_weight=&#8221;200&#8243; uncode_shortcode_id=&#8221;170742&#8243; text_color_type=&#8221;uncode-palette&#8221;]<\/p>\n<h2>Nout\u0103\u021bi<\/h2>\n<p>[\/vc_custom_heading][\/vc_column_inner][\/vc_row_inner][\/vc_column][\/vc_row][vc_row row_height_percent=&#8221;0&#8243; overlay_alpha=&#8221;50&#8243; gutter_size=&#8221;3&#8243; column_width_percent=&#8221;100&#8243; shift_y=&#8221;0&#8243; z_index=&#8221;0&#8243;][vc_column column_width_percent=&#8221;100&#8243; gutter_size=&#8221;3&#8243; overlay_alpha=&#8221;50&#8243; shift_x=&#8221;0&#8243; shift_y=&#8221;-3&#8243; shift_y_down=&#8221;0&#8243; z_index=&#8221;0&#8243; medium_width=&#8221;0&#8243; mobile_width=&#8221;0&#8243; width=&#8221;1\/1&#8243;][vc_column_text uncode_shortcode_id=&#8221;124324&#8243;]<\/p>\n<h3><strong>2025<\/strong><\/h3>\n<p>Radio France International &#8211; <a href=\"https:\/\/www.rfi.fr\/ro\/podcasturi\/t%C3%A2n%C4%83r-%C3%AEn-europa\/20251017-de-conectat-o-pies%C4%83-de-teatru-pentru-tineri-despre-dezbinare-%C8%99i-%C3%AEmp%C4%83care\">(De)Conectat, o pies\u0103 de teatru pentru tineri despre dezbinare \u0219i \u00eemp\u0103care &#8211; T\u00e2n\u0103r \u00een Europa &#8211; RFI<\/a><br \/>\nEuropa Liber\u0103 &#8211; <a href=\"https:\/\/romania.europalibera.org\/a\/spectacol-deconectat\/33456321.html\">DeConectat \u2013 un spectacol de teatru \u00een care dezinformarea, alienarea \u0219i propaganda sunt tratate cu umor<\/a><br \/>\nPodcast Smart Job &#8211;\u00a0<a href=\"https:\/\/romania.europalibera.org\/a\/ozana-nicolau-regizoare-deconectat-fake-news-dezinformare-copii\/33597937.html\">SmartJob contra minciunii | Regizoarea Ozana Nicolau: E \u0219ocant s\u0103 auzi un adolescent spun\u00e2nd c\u0103 era bine cu Ceau\u0219escu. Ce modele au copiii?<\/a><\/p>\n<h3>2024<\/h3>\n<p>Scoala 9 &#8211; <a href=\"https:\/\/www.scoala9.ro\/ce-ar-fi-daca-in-loc-sa-marim-prapastia-fata-de-cei-cu-care-nu-%20suntem-de-acord-am-incerca-sa-cream-punti\/2081\">Ce-ar fi dac\u0103 \u201e\u00een loc s\u0103 m\u0103rim pr\u0103pastia fa\u021b\u0103 de cei cu care nu suntem de acord, am \u00eencerca s\u0103 cre\u0103m pun\u021bi\u201d?<\/a><br \/>\nRevista Scena.ro &#8211; <a href=\"https:\/\/revistascena.ro\/interviu\/regizoarea-ozana-nicolau-teatrul-social-e-ca-o-sabie-cu-doua-taisuri\/\">Regizoarea Ozana Nicolau: \u201eTeatrul social e ca o sabie cu dou\u0103 t\u0103i\u0219uri\u201d &#8211; Revistascena<\/a><br \/>\nScene \u0219i cuvinte &#8211; <a href=\"https:\/\/scenesicuvinte.ro\/2024\/10\/18\/deconectat-sau-dincolo-de-frontierele-firescului\/\">(DE)CONECTAT sau dincolo de frontierele firescului \u2013 SCENE SI CUVINTE<\/a><\/p>\n<h3>2023<\/h3>\n<p>Mindcraftstories &#8211; <a href=\"https:\/\/mindcraftstories.ro\/societate\/dintr-o-relatie-abuziva-se-fuge-nu-se-pleaca-o-discutie-cu-regizoarea-ozana-nicolau\/\">\u201eDintr-o rela\u021bie abuziv\u0103 se fuge, nu se pleac\u0103\u201d. O discu\u021bie cu regizoarea Ozana Nicolau &#8211; Mindcraft Stories<\/a><\/p>\n<h3>2022<\/h3>\n<p>Bucuresti FM &#8211; <a href=\"https:\/\/www.youtube.com\/watch?v=7lVVX50aINU\">Azi la #ELLEnutace vorbim cu regizoarea Ozana Nicolau despre proiectul mameadolescente.ro<\/a><\/p>\n<p>\u0218coala 9 &#8211; <a href=\"https:\/\/www.scoala9.ro\/elevii-de-la-licee-din-tulcea-si-ilfov-au-vorbit-despre-sarcina-si-avort-%20la\/1329\">Elevii de la licee din Tulcea \u0219i Ilfov au vorbit despre sarcin\u0103 \u0219i avort la ateliere de educa\u021bie sexual\u0103. \u201e\u0218coala nu e preg\u0103tit\u0103 s\u0103 fac\u0103 fa\u021b\u0103 discu\u021biei\u201d<\/a><\/p>\n<h3><\/h3>\n<h3>2021<\/h3>\n<p>Radio France International<\/p>\n<p><iframe title=\"Azi la #ELLEnutace vorbim cu regizoarea Ozana Nicolau despre proiectul mameadolescente.ro\" width=\"840\" height=\"473\" src=\"https:\/\/www.youtube.com\/embed\/7lVVX50aINU?feature=oembed&#038;width=840&#038;height=1000&#038;discover=1\" frameborder=\"0\" allow=\"accelerometer; autoplay; clipboard-write; encrypted-media; gyroscope; picture-in-picture; web-share\" referrerpolicy=\"strict-origin-when-cross-origin\" allowfullscreen><\/iframe><\/p>\n<h3>2020<\/h3>\n<p>IQAds &#8211;\u00a0<a href=\"https:\/\/www.iqads.ro\/articol\/52896\/ce-trebuie-si-ce-nu-trebuie-growing-up-un-an-de-la-premiera\">Ce trebuie \u0219i ce nu trebuie?\u00a0\u201cGrowing Up\u201d \u2013 un an de la premier\u0103<\/a><\/p>\n<h3>2019<\/h3>\n<p>Revista Scena.ro <a href=\"https:\/\/revistascena.ro\/stiri\/growing-up-falsa-harta-catre-fericire\/\">Growing Up, falsa hart\u0103 c\u0103tre fericire &#8211; Revistascena<\/a><\/p>\n<h3>2018<\/h3>\n<p>TVR T\u00e2rgu Mure\u0219 &#8211; <a href=\"https:\/\/www.facebook.com\/watch\/?v=1777269539026138\">\u201cFOREPLAY\u201d- POVE\u015eTILE DE VIA\u0162\u0102 ALE UNOR MAME ADOLESCENTE<\/a><br \/>\nDilema Veche &#8211; <a href=\"https:\/\/dilemaveche.ro\/sectiune\/la-zi-in-cultura\/arte-performative\/copilul-cu-copil-in-societatea-cu-principii-623749.html\">Copilul cu copil \u00een societatea cu principii<\/a><br \/>\nELLE &#8211; <a href=\"https:\/\/www.youtube.com\/watch?v=7lVVX50aINU\">Azi la #ELLEnutace vorbim cu regizoarea Ozana Nicolau despre proiectul mameadolescente.ro<\/a><\/p>\n<h3>2017<\/h3>\n<p>Radio Rom\u00e2nia Cultura &#8211; <a href=\"https:\/\/www.radioromaniacultural.ro\/sectiuni-articole\/teatru-si-film\/foreplay-primul-spectacol-de-teatru-din-romania-despre-mame-adolescente-in-premiera-la-centrul-replika-id9372.html\">Foreplay &#8211; primul spectacol de teatru din Rom\u00e2nia despre mame adolescente, \u00een premier\u0103 la Centrul Replika | Teatru \u0219i film | Radio Rom\u00e2nia Cultural<\/a><\/p>\n<p>Dilema Veche &#8211; <a href=\"https:\/\/dilemaveche.ro\/sectiune\/la-zi-in-cultura\/arte-performative\/30-de-mame-adolescente-si-povestile-lor-627347.html\">\u201e30 de mame adolescente \u0219i pove\u0219tile lor\u201c \u2013 interviu cu regizoarea Ozana NICOLAU<\/a><br \/>\nScena 9 &#8211; <a href=\"https:\/\/www.scena9.ro\/article\/un-spectacol-cu-mame-in-prag-de-bac\">Un spectacol cu mame \u00een prag de Bac<\/a>[\/vc_column_text][\/vc_column][\/vc_row][vc_row][vc_column width=&#8221;1\/1&#8243;][vc_empty_space empty_h=&#8221;3&#8243;][\/vc_column][\/vc_row]<\/p>\n<\/div>","protected":false},"excerpt":{"rendered":"<p>[vc_row row_height_percent=&#8221;0&#8243; override_padding=&#8221;yes&#8221; h_padding=&#8221;2&#8243; top_padding=&#8221;0&#8243; bottom_padding=&#8221;0&#8243; overlay_alpha=&#8221;50&#8243; gutter_size=&#8221;3&#8243; column_width_percent=&#8221;100&#8243; shift_y=&#8221;0&#8243; z_index=&#8221;0&#8243;][vc_column column_width_percent=&#8221;100&#8243; gutter_size=&#8221;3&#8243; override_padding=&#8221;yes&#8221; column_padding=&#8221;3&#8243; back_color=&#8221;color-xsdn&#8221; overlay_alpha=&#8221;50&#8243; shift_x=&#8221;0&#8243; shift_y=&#8221;-4&#8243; shift_y_fixed=&#8221;yes&#8221; [&hellip;]<\/p>\n","protected":false},"author":1,"featured_media":0,"parent":0,"menu_order":0,"comment_status":"closed","ping_status":"closed","template":"","meta":{"footnotes":""},"class_list":["post-80155","page","type-page","status-publish","hentry"],"_links":{"self":[{"href":"https:\/\/artrevolution.ro\/index.php\/wp-json\/wp\/v2\/pages\/80155","targetHints":{"allow":["GET"]}}],"collection":[{"href":"https:\/\/artrevolution.ro\/index.php\/wp-json\/wp\/v2\/pages"}],"about":[{"href":"https:\/\/artrevolution.ro\/index.php\/wp-json\/wp\/v2\/types\/page"}],"author":[{"embeddable":true,"href":"https:\/\/artrevolution.ro\/index.php\/wp-json\/wp\/v2\/users\/1"}],"replies":[{"embeddable":true,"href":"https:\/\/artrevolution.ro\/index.php\/wp-json\/wp\/v2\/comments?post=80155"}],"version-history":[{"count":21,"href":"https:\/\/artrevolution.ro\/index.php\/wp-json\/wp\/v2\/pages\/80155\/revisions"}],"predecessor-version":[{"id":80996,"href":"https:\/\/artrevolution.ro\/index.php\/wp-json\/wp\/v2\/pages\/80155\/revisions\/80996"}],"wp:attachment":[{"href":"https:\/\/artrevolution.ro\/index.php\/wp-json\/wp\/v2\/media?parent=80155"}],"curies":[{"name":"wp","href":"https:\/\/api.w.org\/{rel}","templated":true}]}}