{"id":80432,"date":"2019-06-28T10:12:43","date_gmt":"2019-06-28T07:12:43","guid":{"rendered":"http:\/\/artrevolution.ro\/?page_id=80432"},"modified":"2026-01-20T09:12:01","modified_gmt":"2026-01-20T07:12:01","slug":"bieff","status":"publish","type":"page","link":"https:\/\/artrevolution.ro\/index.php\/bieff\/","title":{"rendered":"Bieff"},"content":{"rendered":"<div class=\"wpb-content-wrapper\"><p>[vc_row][vc_column width=&#8221;1\/2&#8243;][vc_row_inner row_inner_height_percent=&#8221;0&#8243; overlay_alpha=&#8221;50&#8243; equal_height=&#8221;yes&#8221; gutter_size=&#8221;0&#8243; shift_y=&#8221;0&#8243;][vc_column_inner column_width_percent=&#8221;100&#8243; position_vertical=&#8221;middle&#8221; align_horizontal=&#8221;align_right&#8221; gutter_size=&#8221;3&#8243; override_padding=&#8221;yes&#8221; column_padding=&#8221;2&#8243; overlay_alpha=&#8221;50&#8243; border_color=&#8221;color-gyho&#8221; border_style=&#8221;solid&#8221; shift_x=&#8221;0&#8243; shift_y=&#8221;0&#8243; shift_y_down=&#8221;0&#8243; z_index=&#8221;0&#8243; medium_width=&#8221;2&#8243; align_mobile=&#8221;align_center_mobile&#8221; mobile_width=&#8221;0&#8243; width=&#8221;3\/12&#8243; css=&#8221;.vc_custom_1495102345881{border-right-width: 1px !important;}&#8221;][vc_custom_heading heading_semantic=&#8221;h3&#8243; text_size=&#8221;h3&#8243; text_weight=&#8221;400&#8243; text_transform=&#8221;uppercase&#8221; uncode_shortcode_id=&#8221;857017&#8243;]<\/p>\n<h3 style=\"text-align: center;\">BIEFF<\/h3>\n<p>[\/vc_custom_heading][\/vc_column_inner][vc_column_inner column_width_percent=&#8221;100&#8243; position_vertical=&#8221;middle&#8221; gutter_size=&#8221;3&#8243; override_padding=&#8221;yes&#8221; column_padding=&#8221;2&#8243; overlay_alpha=&#8221;50&#8243; shift_x=&#8221;0&#8243; shift_y=&#8221;0&#8243; shift_y_down=&#8221;0&#8243; z_index=&#8221;0&#8243; medium_width=&#8221;6&#8243; align_mobile=&#8221;align_center_mobile&#8221; mobile_width=&#8221;0&#8243; width=&#8221;9\/12&#8243;][vc_custom_heading text_color=&#8221;color-rgdb&#8221; heading_semantic=&#8221;h3&#8243; text_size=&#8221;&#8221; text_weight=&#8221;200&#8243; uncode_shortcode_id=&#8221;105143&#8243; text_color_type=&#8221;uncode-palette&#8221;]<\/p>\n<h2 style=\"text-align: center;\"><strong>Festivalul Interna\u021bional de Film Experimental Bucure\u0219ti<\/strong><\/h2>\n<p>[\/vc_custom_heading][\/vc_column_inner][\/vc_row_inner][\/vc_column][vc_column width=&#8221;1\/2&#8243;][\/vc_column][\/vc_row][vc_row][vc_column width=&#8221;1\/1&#8243;][vc_column_text text_lead=&#8221;yes&#8221; uncode_shortcode_id=&#8221;237021&#8243;]Art Revolution (fosta Asocia\u021bie Cinemascop) a organizat \u0219i co-finan\u021bat (din 2013 p\u00e2n\u0103 \u00een 2016) Festivalul Interna\u021bional de Film Experimental Bucure\u0219ti \u2013 <a href=\"https:\/\/bieff.ro\">BIEFF<\/a>, singurul festival de film experimental din Rom\u00e2nia.[\/vc_column_text][vc_single_image media=&#8221;80460&#8243; media_width_percent=&#8221;100&#8243; uncode_shortcode_id=&#8221;979202&#8243;][vc_column_text text_lead=&#8221;yes&#8221; uncode_shortcode_id=&#8221;787988&#8243;]BIEFF a sprijinit introducerea \u0219i popularizarea filmului experimental \u00een Rom\u00e2nia (un domeniu pu\u021bin cunoscut pe plan na\u021bional, dar prolific \u0219i apreciat la nivel european), produc\u021bia de filme rom\u00e2ne\u0219ti inovatoare din punct de vedere al limbajului cinematografic, precum \u0219i dezvoltarea de noi audien\u021be pentru cinematograful de art\u0103.[\/vc_column_text][vc_single_image media=&#8221;80459&#8243; media_width_percent=&#8221;100&#8243; uncode_shortcode_id=&#8221;109235&#8243;][vc_column_text text_lead=&#8221;yes&#8221; uncode_shortcode_id=&#8221;841757&#8243;]BIEFF s-a bucurat de sus\u021binerea financiar\u0103 constant\u0103 a <a href=\"https:\/\/cnc.gov.ro\/\">Centrului Na\u021bional al Cinematografiei<\/a>, <a href=\"https:\/\/www.icr.ro\/\">Institutului Cultural Rom\u00e2n<\/a> \u0219i a <a href=\"https:\/\/ucin.ro\/\">Uniunii Cinea\u0219tilor<\/a>, precum \u0219i de sprijinul a numeroase centre culturale \u0219i ambasade:<\/p>\n<p><a href=\"https:\/\/institutfrancais.ro\/\">Institutul Francez<\/a>, <a href=\"https:\/\/www.goethe.de\/ins\/ro\/ro\/index.html\">Goethe-Institut<\/a>, <a href=\"https:\/\/englishonline.britishcouncil.org\/ro\/\">British Council<\/a>, <a href=\"https:\/\/www.bmeia.gv.at\/ro\/forumul-cultural-austriac-bucuresti\">Forumul Cultural Austriac<\/a>, <a href=\"https:\/\/bucarest.cervantes.es\/ro\/default.shtm\">Institutul Cervantes<\/a>, Institutul Italian de Cultur\u0103, Ambasada Suediei, Ambasada Elve\u021biei, Institutul Cam\u00f5es, Ambasada Statului Israel, Ambasada Finlandei, Centrul Ceh, Institutul Polonez etc.[\/vc_column_text][vc_column_text text_lead=&#8221;yes&#8221; uncode_shortcode_id=&#8221;158846&#8243;]Festivalul i-a avut ca invita\u021bi pe Peter Greenaway, Terry Gilliam, Gustav Deutsch \u0219i al\u021bi cinea\u0219ti de renume mondial.[\/vc_column_text][\/vc_column][\/vc_row]<\/p>\n<\/div>","protected":false},"excerpt":{"rendered":"<p>[vc_row][vc_column width=&#8221;1\/2&#8243;][vc_row_inner row_inner_height_percent=&#8221;0&#8243; overlay_alpha=&#8221;50&#8243; equal_height=&#8221;yes&#8221; gutter_size=&#8221;0&#8243; shift_y=&#8221;0&#8243;][vc_column_inner column_width_percent=&#8221;100&#8243; position_vertical=&#8221;middle&#8221; align_horizontal=&#8221;align_right&#8221; gutter_size=&#8221;3&#8243; override_padding=&#8221;yes&#8221; column_padding=&#8221;2&#8243; overlay_alpha=&#8221;50&#8243; border_color=&#8221;color-gyho&#8221; border_style=&#8221;solid&#8221; shift_x=&#8221;0&#8243; shift_y=&#8221;0&#8243; shift_y_down=&#8221;0&#8243; z_index=&#8221;0&#8243; [&hellip;]<\/p>\n","protected":false},"author":1,"featured_media":0,"parent":0,"menu_order":0,"comment_status":"closed","ping_status":"closed","template":"","meta":{"footnotes":""},"class_list":["post-80432","page","type-page","status-publish","hentry"],"_links":{"self":[{"href":"https:\/\/artrevolution.ro\/index.php\/wp-json\/wp\/v2\/pages\/80432","targetHints":{"allow":["GET"]}}],"collection":[{"href":"https:\/\/artrevolution.ro\/index.php\/wp-json\/wp\/v2\/pages"}],"about":[{"href":"https:\/\/artrevolution.ro\/index.php\/wp-json\/wp\/v2\/types\/page"}],"author":[{"embeddable":true,"href":"https:\/\/artrevolution.ro\/index.php\/wp-json\/wp\/v2\/users\/1"}],"replies":[{"embeddable":true,"href":"https:\/\/artrevolution.ro\/index.php\/wp-json\/wp\/v2\/comments?post=80432"}],"version-history":[{"count":32,"href":"https:\/\/artrevolution.ro\/index.php\/wp-json\/wp\/v2\/pages\/80432\/revisions"}],"predecessor-version":[{"id":80987,"href":"https:\/\/artrevolution.ro\/index.php\/wp-json\/wp\/v2\/pages\/80432\/revisions\/80987"}],"wp:attachment":[{"href":"https:\/\/artrevolution.ro\/index.php\/wp-json\/wp\/v2\/media?parent=80432"}],"curies":[{"name":"wp","href":"https:\/\/api.w.org\/{rel}","templated":true}]}}