{"id":80438,"date":"2019-06-28T10:14:10","date_gmt":"2019-06-28T07:14:10","guid":{"rendered":"http:\/\/artrevolution.ro\/?page_id=80438"},"modified":"2026-01-12T11:29:05","modified_gmt":"2026-01-12T09:29:05","slug":"foreplay","status":"publish","type":"page","link":"https:\/\/artrevolution.ro\/index.php\/foreplay\/","title":{"rendered":"Foreplay"},"content":{"rendered":"<div class=\"wpb-content-wrapper\"><p>[vc_row][vc_column width=&#8221;1\/1&#8243;][vc_row_inner row_inner_height_percent=&#8221;0&#8243; overlay_alpha=&#8221;50&#8243; equal_height=&#8221;yes&#8221; gutter_size=&#8221;0&#8243; shift_y=&#8221;0&#8243;][vc_column_inner column_width_percent=&#8221;100&#8243; position_vertical=&#8221;middle&#8221; align_horizontal=&#8221;align_right&#8221; gutter_size=&#8221;3&#8243; override_padding=&#8221;yes&#8221; column_padding=&#8221;2&#8243; overlay_alpha=&#8221;50&#8243; border_color=&#8221;color-gyho&#8221; border_style=&#8221;solid&#8221; shift_x=&#8221;0&#8243; shift_y=&#8221;0&#8243; shift_y_down=&#8221;0&#8243; z_index=&#8221;0&#8243; medium_width=&#8221;2&#8243; align_mobile=&#8221;align_center_mobile&#8221; mobile_width=&#8221;0&#8243; width=&#8221;3\/12&#8243; css=&#8221;.vc_custom_1495102345881{border-right-width: 1px !important;}&#8221;][vc_custom_heading heading_semantic=&#8221;h3&#8243; text_size=&#8221;h3&#8243; text_weight=&#8221;400&#8243; text_transform=&#8221;uppercase&#8221; uncode_shortcode_id=&#8221;141686&#8243;]<\/p>\n<h3 style=\"text-align: center;\">FOREPLAY<\/h3>\n<p>[\/vc_custom_heading][\/vc_column_inner][vc_column_inner column_width_percent=&#8221;100&#8243; position_vertical=&#8221;middle&#8221; gutter_size=&#8221;3&#8243; override_padding=&#8221;yes&#8221; column_padding=&#8221;2&#8243; overlay_alpha=&#8221;50&#8243; shift_x=&#8221;0&#8243; shift_y=&#8221;0&#8243; shift_y_down=&#8221;0&#8243; z_index=&#8221;0&#8243; medium_width=&#8221;6&#8243; align_mobile=&#8221;align_center_mobile&#8221; mobile_width=&#8221;0&#8243; width=&#8221;9\/12&#8243;][vc_single_image media=&#8221;80829&#8243; media_width_percent=&#8221;50&#8243; uncode_shortcode_id=&#8221;208412&#8243;][\/vc_column_inner][\/vc_row_inner][\/vc_column][\/vc_row][vc_row][vc_column width=&#8221;1\/2&#8243;][vc_column_text text_lead=&#8221;yes&#8221; uncode_shortcode_id=&#8221;121744&#8243;]<\/p>\n<p style=\"text-align: left;\">Spectacolul de teatru Foreplay \u0219i documentarul web Mameadolescente.ro fac parte dintr-un proiect transmedia care documenteaz\u0103, cu mijloace artistice, situa\u021bia maternit\u0103\u021bii timpurii \u00een Rom\u00e2nia \u0219i \u00ee\u0219i propune s\u0103 realizeze o activare social\u0103 \u00een jurul acestei probleme.<\/p>\n<p style=\"text-align: left;\">Peste 22.000 de na\u0219teri provin anual \u00een Rom\u00e2nia de la mame minore (conform datelor Institutului Na\u021bional de Statistic\u0103), aceasta \u00eensemn\u00e2nd 10% din totalul na\u0219terilor dintr-un an \u0219i un nedorit prim loc \u00een UE.<\/p>\n<p style=\"text-align: left;\">Pornind de la aceast\u0103 trist\u0103 statistic\u0103, echipa proiectului a documentat timp de un an pove\u0219tile a 30 de mame adolescente din Urziceni, Ploie\u0219ti, Vaslui \u0219i Bucure\u0219ti. Amplul material de documentare realizat de echipa proiectului a fost distilat \u0219i transformat \u00eentr-o pies\u0103 de teatru interactiv\u0103 care se joac\u0103 la <a href=\"https:\/\/centrulreplika.com\/\">Centrul Replika<\/a>.<br \/>\nForeplay a primit Premiul pentru cea mai bun\u0103 regie \u00een cadrul <a href=\"https:\/\/bfringe.ro\/\">Festivalului Bucharest Fringe<\/a> \u2013 Maratonul Teatrului Independent 2018 \u0219i a fost itinerat \u00een liceele din Bucure\u0219ti \u00een cadrul unui proiect de educa\u021bie a adolescen\u021bilor.<br \/>\nSpectacolul a fost prezentat \u00een \u021bar\u0103:<\/p>\n<p style=\"text-align: left;\">\u00een turneu na\u021bional la Cluj, T\u00e2rgu-Mure\u0219 \u0219i Sf\u00e2ntu Gheorghe.<\/p>\n<p style=\"text-align: left;\">\u00een festivaluri na\u021bionale de teatru: <a href=\"https:\/\/ideoideis.ro\/\">Ideo Ideis<\/a>, <a href=\"https:\/\/www.undercloudfest.ro\/\">Undercloud<\/a>, Ia\u0219i \u2013 <a href=\"https:\/\/luceafarul- theatre.ro\/festivalul-international-de-teatru-pentru-publicul-tanar\/festivalul- international-de-teatru-pentru-publicul-tanar-iasi-2025\/\">FITPTI<\/a>, Bucharest Fringe \u2013 Maratonul Teatrului Independent; precum \u0219i \u00een cadrul <a href=\"http:\/\/tnb.ro\/\">TNB<\/a> \u2013 evenimentul \u201eDOR la \u0218coal\u0103\u201d \u0219i \u201eRespect Mama. Respect Via\u021ba\u201d \u2013 <a href=\"https:\/\/worldvision.ro\/\">World Vision<\/a><\/p>\n<p style=\"text-align: left;\">Foreplay este construit ca un colaj de documentar, momente de dezbatere, interac\u021biune cu publicul \u0219i episoade scrise pe baza m\u0103rturiilor culese \u00een munca de teren. Piesa d\u0103 voce pove\u0219tilor de via\u021b\u0103 ale unor mame adolescente \u0219i \u00ee\u0219i propune s\u0103 aduc\u0103 \u00een lumin\u0103 \u0219i cauzele mai pu\u021bin discutate care conduc la sarcinile minorelor: pe l\u00e2ng\u0103 lipsa unor programe sus\u021binute de educa\u021bie sexual\u0103 \u0219i s\u0103r\u0103cia extrem\u0103, exist\u0103, de asemenea, problema abuzului \u0219i cauze psihologice precum transferul transgenera\u021bional, care fac din fenomenul na\u0219terilor timpurii un fenomen extrem de complex.<\/p>\n<h5 style=\"text-align: left;\">Text \u0219i regie: Ozana Nicolau<br \/>\nCu: Teo Dinc\u0103, Sandra Ducu\u021b\u0103, Mihaela R\u0103descu, Viorel Cojanu<br \/>\nMuzica: Diana Miron<br \/>\nMi\u0219care: Silvia C\u0103lin<br \/>\nScenografie: M\u0103lina Ionescu<br \/>\nVideo: Elena G\u0103geanu<br \/>\nLighting design: Radu Apostol<\/h5>\n<p>[\/vc_column_text][\/vc_column][vc_column width=&#8221;1\/2&#8243;][vc_empty_space empty_h=&#8221;2&#8243;][vc_single_image media=&#8221;80839&#8243; media_width_percent=&#8221;80&#8243; alignment=&#8221;center&#8221; uncode_shortcode_id=&#8221;147158&#8243;][vc_empty_space empty_h=&#8221;2&#8243;][vc_single_image media=&#8221;80489&#8243; media_width_percent=&#8221;100&#8243; uncode_shortcode_id=&#8221;442986&#8243;][vc_empty_space empty_h=&#8221;2&#8243;][vc_single_image media=&#8221;80491&#8243; media_width_percent=&#8221;100&#8243; uncode_shortcode_id=&#8221;175829&#8243;][\/vc_column][\/vc_row][vc_row][vc_column width=&#8221;1\/1&#8243;][vc_empty_space empty_h=&#8221;3&#8243;][\/vc_column][\/vc_row]<\/p>\n<\/div>","protected":false},"excerpt":{"rendered":"<p>[vc_row][vc_column width=&#8221;1\/1&#8243;][vc_row_inner row_inner_height_percent=&#8221;0&#8243; overlay_alpha=&#8221;50&#8243; equal_height=&#8221;yes&#8221; gutter_size=&#8221;0&#8243; shift_y=&#8221;0&#8243;][vc_column_inner column_width_percent=&#8221;100&#8243; position_vertical=&#8221;middle&#8221; align_horizontal=&#8221;align_right&#8221; gutter_size=&#8221;3&#8243; override_padding=&#8221;yes&#8221; column_padding=&#8221;2&#8243; overlay_alpha=&#8221;50&#8243; border_color=&#8221;color-gyho&#8221; border_style=&#8221;solid&#8221; shift_x=&#8221;0&#8243; shift_y=&#8221;0&#8243; shift_y_down=&#8221;0&#8243; z_index=&#8221;0&#8243; [&hellip;]<\/p>\n","protected":false},"author":1,"featured_media":0,"parent":0,"menu_order":0,"comment_status":"closed","ping_status":"closed","template":"","meta":{"footnotes":""},"class_list":["post-80438","page","type-page","status-publish","hentry"],"_links":{"self":[{"href":"https:\/\/artrevolution.ro\/index.php\/wp-json\/wp\/v2\/pages\/80438","targetHints":{"allow":["GET"]}}],"collection":[{"href":"https:\/\/artrevolution.ro\/index.php\/wp-json\/wp\/v2\/pages"}],"about":[{"href":"https:\/\/artrevolution.ro\/index.php\/wp-json\/wp\/v2\/types\/page"}],"author":[{"embeddable":true,"href":"https:\/\/artrevolution.ro\/index.php\/wp-json\/wp\/v2\/users\/1"}],"replies":[{"embeddable":true,"href":"https:\/\/artrevolution.ro\/index.php\/wp-json\/wp\/v2\/comments?post=80438"}],"version-history":[{"count":41,"href":"https:\/\/artrevolution.ro\/index.php\/wp-json\/wp\/v2\/pages\/80438\/revisions"}],"predecessor-version":[{"id":80826,"href":"https:\/\/artrevolution.ro\/index.php\/wp-json\/wp\/v2\/pages\/80438\/revisions\/80826"}],"wp:attachment":[{"href":"https:\/\/artrevolution.ro\/index.php\/wp-json\/wp\/v2\/media?parent=80438"}],"curies":[{"name":"wp","href":"https:\/\/api.w.org\/{rel}","templated":true}]}}