{"id":80444,"date":"2019-06-28T10:15:24","date_gmt":"2019-06-28T07:15:24","guid":{"rendered":"http:\/\/artrevolution.ro\/?page_id=80444"},"modified":"2026-01-12T11:30:23","modified_gmt":"2026-01-12T09:30:23","slug":"mame-adolescente","status":"publish","type":"page","link":"https:\/\/artrevolution.ro\/index.php\/mame-adolescente\/","title":{"rendered":"Mame adolescente"},"content":{"rendered":"<div class=\"wpb-content-wrapper\"><p>[vc_row][vc_column width=&#8221;1\/1&#8243;][vc_empty_space empty_h=&#8221;3&#8243;][vc_row_inner row_inner_height_percent=&#8221;0&#8243; overlay_alpha=&#8221;50&#8243; equal_height=&#8221;yes&#8221; gutter_size=&#8221;0&#8243; shift_y=&#8221;0&#8243;][vc_column_inner column_width_percent=&#8221;100&#8243; position_vertical=&#8221;middle&#8221; align_horizontal=&#8221;align_right&#8221; gutter_size=&#8221;3&#8243; override_padding=&#8221;yes&#8221; column_padding=&#8221;2&#8243; overlay_alpha=&#8221;50&#8243; border_color=&#8221;color-gyho&#8221; border_style=&#8221;solid&#8221; shift_x=&#8221;0&#8243; shift_y=&#8221;0&#8243; shift_y_down=&#8221;0&#8243; z_index=&#8221;0&#8243; medium_width=&#8221;2&#8243; align_mobile=&#8221;align_center_mobile&#8221; mobile_width=&#8221;0&#8243; width=&#8221;3\/12&#8243; css=&#8221;.vc_custom_1495102345881{border-right-width: 1px !important;}&#8221;][vc_custom_heading heading_semantic=&#8221;h3&#8243; text_size=&#8221;h3&#8243; text_weight=&#8221;400&#8243; text_transform=&#8221;uppercase&#8221; uncode_shortcode_id=&#8221;177887&#8243;]<\/p>\n<h3 style=\"text-align: center;\">MAME ADOLESCENTE<\/h3>\n<p>[\/vc_custom_heading][\/vc_column_inner][vc_column_inner column_width_percent=&#8221;100&#8243; position_vertical=&#8221;middle&#8221; gutter_size=&#8221;3&#8243; override_padding=&#8221;yes&#8221; column_padding=&#8221;2&#8243; overlay_alpha=&#8221;50&#8243; shift_x=&#8221;0&#8243; shift_y=&#8221;0&#8243; shift_y_down=&#8221;0&#8243; z_index=&#8221;0&#8243; medium_width=&#8221;6&#8243; align_mobile=&#8221;align_center_mobile&#8221; mobile_width=&#8221;0&#8243; width=&#8221;9\/12&#8243;][vc_single_image media=&#8221;80518&#8243; media_width_percent=&#8221;80&#8243; uncode_shortcode_id=&#8221;148441&#8243;][\/vc_column_inner][\/vc_row_inner][\/vc_column][\/vc_row][vc_row][vc_column width=&#8221;1\/2&#8243;][vc_empty_space empty_h=&#8221;1&#8243;][vc_column_text text_lead=&#8221;yes&#8221; uncode_shortcode_id=&#8221;847132&#8243;]<\/p>\n<p style=\"text-align: left;\"><strong>Platforma Mame Adolescente<\/strong> este un documentar web care reune\u0219te pove\u0219tile a \u0219apte adolescente care au devenit mame, prin intermediul interviurilor audio, \u00eenso\u021bite de fotografii \u0219i ilustra\u021bii.<\/p>\n<p style=\"text-align: left;\">\u00cen Rom\u00e2nia, peste 22.000 de na\u0219teri provin anual de la mame minore, aceasta \u00eensemn\u00e2nd 10% din totalul na\u0219terilor dintr-un an \u0219i un nedorit prim loc \u00een UE (conform datelor INS).<br \/>\nPornind de la acest trist adev\u0103r, regizoarea Ozana Nicolau, fotografii Alexandra Dinc\u0103 \u0219i Vlad B\u00eerdu, al\u0103turi de ilustratoarele Alexandra Burda \u0219i Georgiana Chi\u0219ac, au documentat timp de un an pove\u0219tile a 30 de mame adolescente din Urziceni, Ploie\u0219ti, Vaslui \u0219i Bucure\u0219ti.<\/p>\n<p>Proiectul aduce \u00een lumin\u0103 versiunea mamelor minore despre cum este s\u0103 devii p\u0103rinte \u201e\u00een modul fast-forward\u201d \u0219i reflect\u0103 complexitatea fenomenului maternit\u0103\u021bii timpurii din Rom\u00e2nia.<br \/>\nMameadolescente.ro \u00ee\u0219i propune s\u0103:<\/p>\n<ul>\n<li style=\"text-align: left;\">le arate adolescen\u021bilor c\u0103 expresia \u201emie nu mi se poate \u00eent\u00e2mpla\u201d este foarte des<br \/>\ncontrazis\u0103 de realitate;<\/li>\n<li style=\"text-align: left;\">le transmit\u0103 adul\u021bilor c\u0103 un copil care nu este sprijinit emo\u021bional este la fel de vulnerabil<br \/>\nla o sarcin\u0103 timpurie ca \u0219i un copil lipsit de educa\u021bie sexual\u0103;<\/li>\n<li style=\"text-align: left;\">\u00a0le reaminteasc\u0103 adul\u021bilor c\u0103, \u00een cazul unei sarcini timpurii nedorite, pedeapsa nu rezolv\u0103<br \/>\nnimic, ci amplific\u0103 dificult\u0103\u021bile prin care adolescentul deja trece;<\/li>\n<li style=\"text-align: left;\">le \u00eencurajeze pe mamele adolescente s\u0103 \u00ee\u0219i continue studiile.<\/li>\n<\/ul>\n<p>[\/vc_column_text][vc_empty_space empty_h=&#8221;2&#8243;][\/vc_column][vc_column width=&#8221;1\/2&#8243;][vc_single_image media=&#8221;80514&#8243; media_width_percent=&#8221;80&#8243; alignment=&#8221;center&#8221; uncode_shortcode_id=&#8221;910820&#8243;][vc_empty_space empty_h=&#8221;2&#8243;][vc_single_image media=&#8221;80513&#8243; media_width_percent=&#8221;80&#8243; alignment=&#8221;center&#8221; uncode_shortcode_id=&#8221;113678&#8243;][vc_empty_space empty_h=&#8221;2&#8243;][vc_single_image media=&#8221;80517&#8243; media_width_percent=&#8221;80&#8243; alignment=&#8221;center&#8221; uncode_shortcode_id=&#8221;658488&#8243;][\/vc_column][\/vc_row][vc_row][vc_column width=&#8221;1\/1&#8243;][vc_empty_space empty_h=&#8221;3&#8243;][\/vc_column][\/vc_row]<\/p>\n<\/div>","protected":false},"excerpt":{"rendered":"<p>[vc_row][vc_column width=&#8221;1\/1&#8243;][vc_empty_space empty_h=&#8221;3&#8243;][vc_row_inner row_inner_height_percent=&#8221;0&#8243; overlay_alpha=&#8221;50&#8243; equal_height=&#8221;yes&#8221; gutter_size=&#8221;0&#8243; shift_y=&#8221;0&#8243;][vc_column_inner column_width_percent=&#8221;100&#8243; position_vertical=&#8221;middle&#8221; align_horizontal=&#8221;align_right&#8221; gutter_size=&#8221;3&#8243; override_padding=&#8221;yes&#8221; column_padding=&#8221;2&#8243; overlay_alpha=&#8221;50&#8243; border_color=&#8221;color-gyho&#8221; border_style=&#8221;solid&#8221; shift_x=&#8221;0&#8243; shift_y=&#8221;0&#8243; shift_y_down=&#8221;0&#8243; [&hellip;]<\/p>\n","protected":false},"author":1,"featured_media":0,"parent":0,"menu_order":0,"comment_status":"closed","ping_status":"closed","template":"","meta":{"footnotes":""},"class_list":["post-80444","page","type-page","status-publish","hentry"],"_links":{"self":[{"href":"https:\/\/artrevolution.ro\/index.php\/wp-json\/wp\/v2\/pages\/80444","targetHints":{"allow":["GET"]}}],"collection":[{"href":"https:\/\/artrevolution.ro\/index.php\/wp-json\/wp\/v2\/pages"}],"about":[{"href":"https:\/\/artrevolution.ro\/index.php\/wp-json\/wp\/v2\/types\/page"}],"author":[{"embeddable":true,"href":"https:\/\/artrevolution.ro\/index.php\/wp-json\/wp\/v2\/users\/1"}],"replies":[{"embeddable":true,"href":"https:\/\/artrevolution.ro\/index.php\/wp-json\/wp\/v2\/comments?post=80444"}],"version-history":[{"count":43,"href":"https:\/\/artrevolution.ro\/index.php\/wp-json\/wp\/v2\/pages\/80444\/revisions"}],"predecessor-version":[{"id":80849,"href":"https:\/\/artrevolution.ro\/index.php\/wp-json\/wp\/v2\/pages\/80444\/revisions\/80849"}],"wp:attachment":[{"href":"https:\/\/artrevolution.ro\/index.php\/wp-json\/wp\/v2\/media?parent=80444"}],"curies":[{"name":"wp","href":"https:\/\/api.w.org\/{rel}","templated":true}]}}