{"id":80590,"date":"2021-11-24T18:42:00","date_gmt":"2021-11-24T16:42:00","guid":{"rendered":"http:\/\/artrevolution.ro\/?page_id=80590"},"modified":"2026-01-20T09:16:19","modified_gmt":"2026-01-20T07:16:19","slug":"response-ability","status":"publish","type":"page","link":"https:\/\/artrevolution.ro\/index.php\/response-ability\/","title":{"rendered":"Response-Ability"},"content":{"rendered":"<div class=\"wpb-content-wrapper\"><p>[vc_row][vc_column width=&#8221;1\/1&#8243;][vc_empty_space empty_h=&#8221;3&#8243;][vc_single_image media=&#8221;80592&#8243; media_width_percent=&#8221;80&#8243; alignment=&#8221;center&#8221; uncode_shortcode_id=&#8221;182116&#8243;][\/vc_column][\/vc_row][vc_row][vc_column width=&#8221;1\/1&#8243;][vc_empty_space empty_h=&#8221;1&#8243;][vc_column_text text_lead=&#8221;yes&#8221; uncode_shortcode_id=&#8221;105860&#8243;]<strong>Response-Ability<\/strong> este un proiect de educa\u021bie prin art\u0103, care ofer\u0103 acces la o prim\u0103 experien\u021b\u0103 artistic\u0103 adolescen\u021bilor din zone defavorizate cultural, printr-o serie de ateliere performativ-educa\u021bionale \u0219i prin acces la dou\u0103 experien\u021be artistice (spectacolele Foreplay \u0219i Growing Up), care exploreaz\u0103 forme diverse de responsabilitate.<\/p>\n<p>Proiectul se adreseaz\u0103 elevilor din \u00eemprejurimile Bucure\u0219tiului (Chitila, Cernica, Clinceni), precum \u0219i ateliere dedicat elevilor din cartiere defavorizate cultural din Bucure\u0219ti (Rahova, Cr\u00e2nga\u0219i, Pantelimon).<\/p>\n<p>Atelierele \u00ee\u0219i propun s\u0103 hr\u0103neasc\u0103 abilitatea adolescen\u021bilor de a da r\u0103spunsuri echitabile at\u00e2t pentru ei \u00een\u0219i\u0219i \u0219i valorile proprii, c\u00e2t \u0219i pentru binele celorlal\u021bi. \u00cen cadrul lor, conceptul de responsabilitate este redefinit: l\u0103s\u0103m deoparte sensul de \u00eendatorire, obliga\u021bie (c\u0103ci tinerii tind s\u0103 resping\u0103 tot ce este impus) \u0219i aducem \u00een prim-plan capacitatea de a reac\u021biona just at\u00e2t fa\u021b\u0103 de sine, c\u00e2t \u0219i fa\u021b\u0103 de grup, comunitate \u0219i societate.<\/p>\n<p>Proiectul sus\u021bine ideea de personal empowerment, bazat\u0103 pe g\u00e2ndire critic\u0103 (reflec\u021bie, argumentare ra\u021bional\u0103) \u0219i pe empatie.<br \/>\nDezbaterile din cadrul atelierelor sunt ghidate de Cezara Grama (specialist \u00een educa\u021bie alternativ\u0103 pe teme de implicare civic\u0103 \u00een cadrul \u0218colii pentru Democra\u021bie \u2013 Asocia\u021bia Expert Forum) \u0219i Alexandra Mihalache (specialist \u00een educa\u021bie pentru s\u0103n\u0103tatea reproducerii \u0219i egalitate de gen \u2013 Funda\u021bia Tineri pentru Tineri).<\/p>\n<p>Response-Ability urm\u0103re\u0219te s\u0103 ofere profesorilor modalit\u0103\u021bi de educa\u021bie prin art\u0103 \u0219i educa\u021bie experien\u021bial\u0103 \u00een mediul digital, ca r\u0103spuns la situa\u021bia din ultimul an, \u00een care majoritatea cursurilor au fost mutate intempestiv \u00een mediul online, prin intermediul unui ghid \u00een format digital.<\/p>\n<p>Response-Ability este realizat \u00een parteneriat cu Centrul de Teatru Educa\u021bional Replika, <a href=\"https:\/\/teachforromania.org\">Asocia\u021bia Teach for Romania<\/a> , <a href=\"https:\/\/expertforum.ro\/\">Asocia\u021bia Expert Forum<\/a> \u0219i Funda\u021bia Tineri pentru Tineri.<\/p>\n<p>Response-Ability este un proiect cultural co-finan\u021bat de<a href=\"http:\/\/(https:\/\/www.afcn-proiecte.ro\/\"> Administra\u021bia Fondului Cultural Na\u021bional<\/a> \u0219i de Prim\u0103ria Municipiului Bucure\u0219ti prin <a href=\"http:\/\/www.arcub.ro\">ARCUB\u00a0<\/a><\/p>\n<h6><em>Proiectul nu reprezint\u0103 \u00een mod necesar pozi\u021bia Administra\u021biei Fondului Cultural Na\u021bional. AFCN nu este responsabil\u0103 de con\u021binutul proiectului sau de modul \u00een care rezultatele proiectului pot fi folosite. Acestea sunt \u00een \u00eentregime responsabilitatea beneficiarului finan\u021b\u0103rii.<\/em><\/h6>\n<h6><em>Con\u021binutul acestui material nu reprezint\u0103 \u00een mod necesar pozi\u021bia oficial\u0103 a Prim\u0103riei Municipiului Bucure\u0219ti sau a ARCUB.<\/em><\/h6>\n<p>[\/vc_column_text][\/vc_column][\/vc_row][vc_row][vc_column width=&#8221;1\/1&#8243;][vc_empty_space empty_h=&#8221;3&#8243;][\/vc_column][\/vc_row]<\/p>\n<\/div>","protected":false},"excerpt":{"rendered":"<p>[vc_row][vc_column width=&#8221;1\/1&#8243;][vc_empty_space empty_h=&#8221;3&#8243;][vc_single_image media=&#8221;80592&#8243; media_width_percent=&#8221;80&#8243; alignment=&#8221;center&#8221; uncode_shortcode_id=&#8221;182116&#8243;][\/vc_column][\/vc_row][vc_row][vc_column width=&#8221;1\/1&#8243;][vc_empty_space empty_h=&#8221;1&#8243;][vc_column_text text_lead=&#8221;yes&#8221; uncode_shortcode_id=&#8221;105860&#8243;]Response-Ability este un proiect de educa\u021bie prin art\u0103, care ofer\u0103 [&hellip;]<\/p>\n","protected":false},"author":1,"featured_media":0,"parent":0,"menu_order":0,"comment_status":"closed","ping_status":"closed","template":"","meta":{"footnotes":""},"class_list":["post-80590","page","type-page","status-publish","hentry"],"_links":{"self":[{"href":"https:\/\/artrevolution.ro\/index.php\/wp-json\/wp\/v2\/pages\/80590","targetHints":{"allow":["GET"]}}],"collection":[{"href":"https:\/\/artrevolution.ro\/index.php\/wp-json\/wp\/v2\/pages"}],"about":[{"href":"https:\/\/artrevolution.ro\/index.php\/wp-json\/wp\/v2\/types\/page"}],"author":[{"embeddable":true,"href":"https:\/\/artrevolution.ro\/index.php\/wp-json\/wp\/v2\/users\/1"}],"replies":[{"embeddable":true,"href":"https:\/\/artrevolution.ro\/index.php\/wp-json\/wp\/v2\/comments?post=80590"}],"version-history":[{"count":37,"href":"https:\/\/artrevolution.ro\/index.php\/wp-json\/wp\/v2\/pages\/80590\/revisions"}],"predecessor-version":[{"id":80994,"href":"https:\/\/artrevolution.ro\/index.php\/wp-json\/wp\/v2\/pages\/80590\/revisions\/80994"}],"wp:attachment":[{"href":"https:\/\/artrevolution.ro\/index.php\/wp-json\/wp\/v2\/media?parent=80590"}],"curies":[{"name":"wp","href":"https:\/\/api.w.org\/{rel}","templated":true}]}}