{"id":80615,"date":"2022-11-07T18:08:31","date_gmt":"2022-11-07T16:08:31","guid":{"rendered":"http:\/\/artrevolution.ro\/?page_id=80615"},"modified":"2026-01-20T09:16:53","modified_gmt":"2026-01-20T07:16:53","slug":"comunit-arte","status":"publish","type":"page","link":"https:\/\/artrevolution.ro\/index.php\/proiecte__trashed\/comunit-arte\/","title":{"rendered":"Comunit Arte"},"content":{"rendered":"<div class=\"wpb-content-wrapper\"><p>[vc_row][vc_column width=&#8221;1\/1&#8243;][vc_empty_space empty_h=&#8221;3&#8243;][vc_single_image media=&#8221;80616&#8243; media_width_percent=&#8221;80&#8243; alignment=&#8221;center&#8221; uncode_shortcode_id=&#8221;395911&#8243;][\/vc_column][\/vc_row][vc_row][vc_column width=&#8221;1\/1&#8243;][vc_column_text text_lead=&#8221;yes&#8221; uncode_shortcode_id=&#8221;162470&#8243;]<\/p>\n<h3>Teatru documentar \u0219i ateliere de educa\u021bie prin art\u0103 pentru adolescen\u021bi<\/h3>\n<p><strong>ComunitArte<\/strong> este un proiect de educa\u021bie alternativ\u0103 bazat pe o serie de ateliere de educa\u021bie prin art\u0103 adresate adolescen\u021bilor din zone defavorizate cultural din proximitatea Bucure\u0219tiului \u0219i din cartierele capitalei. Atelierele \u00ee\u0219i propun s\u0103 stimuleze g\u00e2ndirea critic\u0103 \u0219i empatia adolescen\u021bilor prin acces direct la experien\u021be artistice, prin exerci\u021bii de argumentare \u0219i de imagina\u021bie.<\/p>\n<p>Atelierele ComunitArte au ca punct de pornire spectacole de teatru cu baz\u0103 documentara ce abordeaz\u0103 mai multe problematici sociale de actualitate: egalitatea de gen, deschiderea fa\u021b\u0103 de grupuri minoritare, importan\u021ba solidarit\u0103\u021bii \u0219i a incluziunii \u00een comunit\u0103\u021bi.<\/p>\n<p>\u00cen cadrul atelierelor, elevii vor explora aceste valori \u00een mod experien\u021bial-participativ \u0219i creativ, prin exerci\u021bii de joc de rol, prin realizarea de arbori decizionali care s\u0103 \u00eei ajute s\u0103 \u00een\u021beleag\u0103 \u0219i s\u0103 poat\u0103 asuma rela\u021bia individului cu comunitatea \u0219i rolul acesteia \u00een realizarea unui plan de via\u021b\u0103 benefic.<\/p>\n<p>Atelierele includ 240 de adolescen\u021bi \u0219i sunt ghidate de speciali\u0219ti \u00een educa\u021bie non-formal\u0103 \u0219i alternativ\u0103: Alexandra Mihalache \u2013 specialist \u00een educa\u021bie pentru s\u0103n\u0103tatea reproducerii \u0219i egalitate de gen (Funda\u021bia Tineri pentru Tineri), Mihaela R\u0103descu \u0219i Viorel Cojanu \u2013 actori \u0219i mediatori culturali, fondatori ai Centrului de Teatru Educa\u021bional Replika Bucure\u0219ti.<\/p>\n<p>Proiectul ComunitArte a luat na\u0219tere ca r\u0103spuns la probleme acute \u00een societatea actual\u0103 rom\u00e2neasc\u0103, precum: rata ridicat\u0103 de abandon \u0219colar \u00een comunele din jurul Bucure\u0219tiului (peste 60%, conform INS), av\u00e2nd ca principal\u0103 cauz\u0103 s\u0103r\u0103cia, aceasta fiind, \u00een mod circular, \u0219i implica\u021bie asupra adolescen\u021bilor, al\u0103turi de stima de sine sc\u0103zut\u0103 \u0219i intrarea \u00een anturaje periculoase. De asemenea, cifrele ridicate de analfabetism func\u021bional indicate de testele PISA indic\u0103 lipsa g\u00e2ndirii critice \u0219i a abilit\u0103\u021bii tinerilor de a identifica, procesa \u0219i utiliza pentru binele propriu informa\u021bii \u0219i oportunit\u0103\u021bi.<\/p>\n<p>\u00cen complementaritate cu activit\u0103\u021bile pentru elevi, proiectul include \u0219i realizarea unui ghid pentru profesori, care decanteaz\u0103 experien\u021ba atelierelor \u0219i le ofer\u0103 profesorilor informa\u021bii, exemple \u0219i exerci\u021bii concrete pentru a \u00eengloba \u00een activitatea pedagogic\u0103 (dirigen\u021bie, consiliere \u0219i preg\u0103tire pentru via\u021b\u0103) metode de educa\u021bie prin art\u0103, cu un poten\u021bial de impact pozitiv deja demonstrat. Ghidul este distribuit gratuit cu sprijinul partenerilor \u00een proiect \u0219i, la cerere, poate fi trimis profesorilor interesa\u021bi din \u021bar\u0103.<\/p>\n<p>\u2014<\/p>\n<p>Parteneri: <a href=\"https:\/\/centrulreplika.com\/\">Centrul de Teatru Educa\u021bional Replika<\/a>, Asocia\u021bia Teach for Romania, Funda\u021bia Tineri pentru Tineri.<br \/>\nProiect co-finan\u021bat de Administra\u021bia Fondului Cultural Na\u021bional.<\/p>\n<h6><em>Proiectul nu reprezint\u0103 \u00een mod necesar pozi\u021bia Administra\u021biei Fondului Cultural Na\u021bional.<\/em><\/h6>\n<h6><em>AFCN nu este responsabil\u0103 de con\u021binutul proiectului sau de modul \u00een care rezultatele proiectului pot fi folosite. Acestea sunt \u00een \u00eentregime responsabilitatea <\/em><em>beneficiarului finan\u021b\u0103rii.<\/em><\/h6>\n<p>[\/vc_column_text][vc_empty_space empty_h=&#8221;3&#8243;][\/vc_column][\/vc_row]<\/p>\n<\/div>","protected":false},"excerpt":{"rendered":"<p>[vc_row][vc_column width=&#8221;1\/1&#8243;][vc_empty_space empty_h=&#8221;3&#8243;][vc_single_image media=&#8221;80616&#8243; media_width_percent=&#8221;80&#8243; alignment=&#8221;center&#8221; uncode_shortcode_id=&#8221;395911&#8243;][\/vc_column][\/vc_row][vc_row][vc_column width=&#8221;1\/1&#8243;][vc_column_text text_lead=&#8221;yes&#8221; uncode_shortcode_id=&#8221;162470&#8243;] Teatru documentar \u0219i ateliere de educa\u021bie prin art\u0103 pentru adolescen\u021bi [&hellip;]<\/p>\n","protected":false},"author":1,"featured_media":0,"parent":80159,"menu_order":0,"comment_status":"closed","ping_status":"closed","template":"","meta":{"footnotes":""},"class_list":["post-80615","page","type-page","status-publish","hentry"],"_links":{"self":[{"href":"https:\/\/artrevolution.ro\/index.php\/wp-json\/wp\/v2\/pages\/80615","targetHints":{"allow":["GET"]}}],"collection":[{"href":"https:\/\/artrevolution.ro\/index.php\/wp-json\/wp\/v2\/pages"}],"about":[{"href":"https:\/\/artrevolution.ro\/index.php\/wp-json\/wp\/v2\/types\/page"}],"author":[{"embeddable":true,"href":"https:\/\/artrevolution.ro\/index.php\/wp-json\/wp\/v2\/users\/1"}],"replies":[{"embeddable":true,"href":"https:\/\/artrevolution.ro\/index.php\/wp-json\/wp\/v2\/comments?post=80615"}],"version-history":[{"count":23,"href":"https:\/\/artrevolution.ro\/index.php\/wp-json\/wp\/v2\/pages\/80615\/revisions"}],"predecessor-version":[{"id":80995,"href":"https:\/\/artrevolution.ro\/index.php\/wp-json\/wp\/v2\/pages\/80615\/revisions\/80995"}],"up":[{"embeddable":true,"href":"https:\/\/artrevolution.ro\/index.php\/wp-json\/wp\/v2\/pages\/80159"}],"wp:attachment":[{"href":"https:\/\/artrevolution.ro\/index.php\/wp-json\/wp\/v2\/media?parent=80615"}],"curies":[{"name":"wp","href":"https:\/\/api.w.org\/{rel}","templated":true}]}}