{"id":80648,"date":"2026-01-12T09:53:24","date_gmt":"2026-01-12T07:53:24","guid":{"rendered":"http:\/\/artrevolution.ro\/?page_id=80648"},"modified":"2026-01-20T09:31:46","modified_gmt":"2026-01-20T07:31:46","slug":"restart-2","status":"publish","type":"page","link":"https:\/\/artrevolution.ro\/index.php\/proiecte__trashed\/restart-2\/","title":{"rendered":"ReStart"},"content":{"rendered":"<div class=\"wpb-content-wrapper\"><p>[vc_row][vc_column width=&#8221;1\/1&#8243;][vc_empty_space empty_h=&#8221;3&#8243;][vc_row_inner row_inner_height_percent=&#8221;0&#8243; overlay_alpha=&#8221;50&#8243; equal_height=&#8221;yes&#8221; gutter_size=&#8221;0&#8243; shift_y=&#8221;0&#8243;][vc_column_inner column_width_percent=&#8221;100&#8243; position_vertical=&#8221;middle&#8221; align_horizontal=&#8221;align_right&#8221; gutter_size=&#8221;3&#8243; override_padding=&#8221;yes&#8221; column_padding=&#8221;2&#8243; overlay_alpha=&#8221;50&#8243; border_color=&#8221;color-gyho&#8221; border_style=&#8221;solid&#8221; shift_x=&#8221;0&#8243; shift_y=&#8221;0&#8243; shift_y_down=&#8221;0&#8243; z_index=&#8221;0&#8243; medium_width=&#8221;2&#8243; align_mobile=&#8221;align_center_mobile&#8221; mobile_width=&#8221;0&#8243; width=&#8221;3\/12&#8243; css=&#8221;.vc_custom_1495102345881{border-right-width: 1px !important;}&#8221;][vc_custom_heading heading_semantic=&#8221;h3&#8243; text_size=&#8221;h3&#8243; text_weight=&#8221;400&#8243; text_transform=&#8221;uppercase&#8221; uncode_shortcode_id=&#8221;108616&#8243;]<\/p>\n<h3 style=\"text-align: center;\">ReStart<\/h3>\n<p>[\/vc_custom_heading][\/vc_column_inner][vc_column_inner column_width_percent=&#8221;100&#8243; position_vertical=&#8221;middle&#8221; gutter_size=&#8221;3&#8243; override_padding=&#8221;yes&#8221; column_padding=&#8221;2&#8243; overlay_alpha=&#8221;50&#8243; shift_x=&#8221;0&#8243; shift_y=&#8221;0&#8243; shift_y_down=&#8221;0&#8243; z_index=&#8221;0&#8243; medium_width=&#8221;6&#8243; align_mobile=&#8221;align_center_mobile&#8221; mobile_width=&#8221;0&#8243; width=&#8221;9\/12&#8243;][vc_single_image media=&#8221;80886&#8243; media_width_percent=&#8221;50&#8243; uncode_shortcode_id=&#8221;195730&#8243;][\/vc_column_inner][\/vc_row_inner][\/vc_column][\/vc_row][vc_row][vc_column width=&#8221;1\/1&#8243;][vc_column_text uncode_shortcode_id=&#8221;789009&#8243;]<\/p>\n<h3 style=\"text-align: center;\"><strong>Pove\u0219tile \u00eenving\u0103toarelor \u00een lupta cu violen\u021ba domestic\u0103, \u00eentr-un spectacol de teatru care provoac\u0103 prejudec\u0103\u021bile<\/strong><\/h3>\n<p>[\/vc_column_text][\/vc_column][\/vc_row][vc_row][vc_column width=&#8221;1\/2&#8243;][vc_empty_space empty_h=&#8221;2&#8243;][vc_column_text text_lead=&#8221;yes&#8221; uncode_shortcode_id=&#8221;491257&#8243;]Spectacolul ReStart, \u00een regia Ozanei Nicolau, aduce pe scena de la Centrul de Teatru Educa\u021bional Replika o serie de pove\u0219ti ale unor femei devenite ast\u0103zi \u00eenving\u0103toare ale violen\u021bei domestice.<\/p>\n<p>ReStart, cu Nicoleta Lefter \u0219i Mihaela R\u0103descu \u00een rolurile principale, exploreaz\u0103 performativ aspecte esen\u021biale privind procesul de vindecare: activarea resurselor exterioare \u0219i interioare necesare ie\u0219irii din rela\u021bii abuzive (stima de sine, \u00eencrederea), precum \u0219i influen\u021ba comunit\u0103\u021bii \u0219i a climatului social \u00een stoparea abuzurilor.[\/vc_column_text][\/vc_column][vc_column width=&#8221;1\/2&#8243;][vc_single_image media=&#8221;80888&#8243; media_width_percent=&#8221;100&#8243; uncode_shortcode_id=&#8221;199850&#8243;][\/vc_column][\/vc_row][vc_row][vc_column width=&#8221;1\/1&#8243;][vc_column_text text_lead=&#8221;yes&#8221; uncode_shortcode_id=&#8221;209394&#8243;]<em>\u201eDintr-o rela\u021bie abuziv\u0103 se fuge, nu se pleac\u0103. \u00ce\u021bi faci un rucsac mic, cu lucrurile esen\u021biale: telefon, bani, 3 perechi de chilo\u021bi \u0219i o juc\u0103rie pentru copil. Mic. Rucsacul trebuie s\u0103 fie mic ca s\u0103 \u00eel po\u021bi duce \u00een spate. Tot restul r\u0103m\u00e2ne \u00een urm\u0103. Casa, anii munci\u021bi, vacan\u021bele, anii \u00een care te-a iubit, pentru c\u0103 a\u0219a a \u00eenceput \u2013 cu iubire.\u201d \u201eMiza acestui subiect este procesul de \u00eemputernicire, pu\u021bin cunoscut, parcurs de foste victime pentru a deveni \u00eenving\u0103toare ale violen\u021bei domestice. Deconstruim prejudec\u0103\u021bile din jurul acestei teme cu exemple de succes. Este nevoie s\u0103 \u00een\u021belegem mecanismele profunde (violen\u021ba emo\u021bional\u0103 \u0219i \u00eens\u0103\u0219i stigma social\u0103) care fac posibil\u0103 perpetuarea agresiunii fizice, iar de aici decurg \u0219i solu\u021biile. <\/em><\/p>\n<p><em>Declicul interior pentru a deveni \u00eenving\u0103toare ale violen\u021bei domestice se produce c\u00e2nd exist\u0103 sprijin necondi\u021bionat: \u00een\u021belegere autentic\u0103 f\u0103r\u0103 niciun \u201edar\u201d, solidaritate \u0219i coeziune din partea prietenilor, speciali\u0219tilor \u0219i grupului de suport.\u201d <\/em><\/p>\n<p>\u2014 Ozana Nicolau, regizoare[\/vc_column_text][\/vc_column][\/vc_row][vc_row][vc_column width=&#8221;1\/2&#8243;][vc_single_image media=&#8221;80887&#8243; media_width_percent=&#8221;100&#8243; alignment=&#8221;center&#8221; uncode_shortcode_id=&#8221;136117&#8243;][\/vc_column][vc_column width=&#8221;1\/2&#8243;][vc_empty_space empty_h=&#8221;3&#8243;][vc_column_text text_lead=&#8221;yes&#8221; uncode_shortcode_id=&#8221;191217&#8243;]\u00cen medie, \u00een fiecare or\u0103, o femeie sun\u0103 la 112 pentru a raporta o fapt\u0103 de agresiune domestic\u0103. Conform statisticilor oficiale din Rom\u00e2nia, \u00een 2021 peste 46.000 de femei au fost agresate \u00een propria cas\u0103, 72 de femei \u0219i-au pierdut via\u021ba din cauza violen\u021bei de gen, num\u0103rul de pl\u00e2ngeri pentru violen\u021ba domestic\u0103 s-a dublat odat\u0103 cu declan\u0219area pandemiei \u0219i este oricum subraportat fa\u021b\u0103 de num\u0103rul efectiv de cazuri (conform site-ului ANES).[\/vc_column_text][\/vc_column][\/vc_row][vc_row][vc_column width=&#8221;1\/1&#8243;][vc_column_text text_lead=&#8221;yes&#8221; uncode_shortcode_id=&#8221;720266&#8243;]ReStart porne\u0219te de la interviuri \u0219i m\u0103rturii ale \u00eenving\u0103toarelor violen\u021bei domestice pentru a propune spectatorilor un exerci\u021biu de empatie, un cadru \u00een care pot reflecta asupra dilemelor frecvent \u00eent\u00e2lnite legate de violen\u021ba domestic\u0103: Putem sprijini necondi\u021bionat? \u00cen\u021belegem mecanismele care fac dificil\u0103 ie\u0219irea dintr-o rela\u021bie toxic\u0103? Cum g\u0103sim sprijin atunci c\u00e2nd resursele noastre s-au epuizat?<\/p>\n<p>Documentat \u00een perioada 2019\u20132022, spectacolul a avut premiera pe 14 \u0219i 15 noiembrie 2023.<\/p>\n<p>Echipa proiectului a documentat fenomenul combaterii violen\u021bei de gen prin participarea la Forumul \u00cenving\u0103toarelor \u0219i prin realizarea unei serii de interviuri cu \u00eenving\u0103toare ale violen\u021bei de gen din Bucure\u0219ti, Sibiu \u0219i Bra\u0219ov (din Re\u021beaua \u0219i Grupul de suport \u201e\u0218i eu reu\u0219esc\u201d), precum \u0219i cu speciali\u0219ti din domeniu (poli\u021bi\u0219ti, psihologi, avoca\u021bi, asisten\u021bi sociali din cadrul ALEG \u2013 Sibiu, Asocia\u021bia ANAIS \u2013 Bucure\u0219ti, DGASPC \u2013 Bucure\u0219ti).<\/p>\n<p>Spectacolul este realizat de Asocia\u021bia Art Revolution \u00een parteneriat cu <a href=\"https:\/\/aleg-romania.eu\/\">Asocia\u021bia pentru Libertate \u0219i Egalitate de Gen<\/a> \u2013 ALEG Sibiu \u0219i cu <a href=\"https:\/\/centrulreplika.com\">Centrul de Teatru Educa\u021bional Replika<\/a>.<\/p>\n<h5>Text \u0219i regie: Ozana Nicolau<br \/>\nDistribu\u021bie: Nicoleta Lefter, Mihaela R\u0103descu<br \/>\nUnivers sonor: Diana Miron<br \/>\nMi\u0219care scenic\u0103: Carmen Co\u021bofan\u0103<br \/>\nScenografie \u0219i costume: Iulia Gherghescu<br \/>\nVideo: Nicoleta Ivan<br \/>\nLighting design: Drago\u0219 Petri\u0219or<br \/>\nLimit\u0103 de v\u00e2rst\u0103: 14+<\/h5>\n<h6><em>ReStart este un proiect co-finan\u021bat de AFCN*.<\/em><\/h6>\n<h6><em>Proiectul nu reprezint\u0103 \u00een mod necesar pozi\u021bia Administra\u021biei Fondului Cultural Na\u021bional. AFCN nu este responsabil\u0103 de con\u021binutul proiectului sau de modul \u00een care rezultatele proiectului pot fi folosite. Acestea sunt \u00een \u00eentregime responsabilitatea beneficiarului finan\u021b\u0103rii.<\/em><\/h6>\n<p>[\/vc_column_text][uncode_consent_notice][\/vc_column][\/vc_row][vc_row][vc_column width=&#8221;1\/1&#8243;][vc_empty_space empty_h=&#8221;3&#8243;][\/vc_column][\/vc_row]<\/p>\n<\/div>","protected":false},"excerpt":{"rendered":"<p>[vc_row][vc_column width=&#8221;1\/1&#8243;][vc_empty_space empty_h=&#8221;3&#8243;][vc_row_inner row_inner_height_percent=&#8221;0&#8243; overlay_alpha=&#8221;50&#8243; equal_height=&#8221;yes&#8221; gutter_size=&#8221;0&#8243; shift_y=&#8221;0&#8243;][vc_column_inner column_width_percent=&#8221;100&#8243; position_vertical=&#8221;middle&#8221; align_horizontal=&#8221;align_right&#8221; gutter_size=&#8221;3&#8243; override_padding=&#8221;yes&#8221; column_padding=&#8221;2&#8243; overlay_alpha=&#8221;50&#8243; border_color=&#8221;color-gyho&#8221; border_style=&#8221;solid&#8221; shift_x=&#8221;0&#8243; shift_y=&#8221;0&#8243; shift_y_down=&#8221;0&#8243; [&hellip;]<\/p>\n","protected":false},"author":1,"featured_media":0,"parent":80159,"menu_order":0,"comment_status":"closed","ping_status":"closed","template":"","meta":{"footnotes":""},"class_list":["post-80648","page","type-page","status-publish","hentry"],"_links":{"self":[{"href":"https:\/\/artrevolution.ro\/index.php\/wp-json\/wp\/v2\/pages\/80648","targetHints":{"allow":["GET"]}}],"collection":[{"href":"https:\/\/artrevolution.ro\/index.php\/wp-json\/wp\/v2\/pages"}],"about":[{"href":"https:\/\/artrevolution.ro\/index.php\/wp-json\/wp\/v2\/types\/page"}],"author":[{"embeddable":true,"href":"https:\/\/artrevolution.ro\/index.php\/wp-json\/wp\/v2\/users\/1"}],"replies":[{"embeddable":true,"href":"https:\/\/artrevolution.ro\/index.php\/wp-json\/wp\/v2\/comments?post=80648"}],"version-history":[{"count":24,"href":"https:\/\/artrevolution.ro\/index.php\/wp-json\/wp\/v2\/pages\/80648\/revisions"}],"predecessor-version":[{"id":80998,"href":"https:\/\/artrevolution.ro\/index.php\/wp-json\/wp\/v2\/pages\/80648\/revisions\/80998"}],"up":[{"embeddable":true,"href":"https:\/\/artrevolution.ro\/index.php\/wp-json\/wp\/v2\/pages\/80159"}],"wp:attachment":[{"href":"https:\/\/artrevolution.ro\/index.php\/wp-json\/wp\/v2\/media?parent=80648"}],"curies":[{"name":"wp","href":"https:\/\/api.w.org\/{rel}","templated":true}]}}