{"id":80674,"date":"2023-11-06T15:17:38","date_gmt":"2023-11-06T13:17:38","guid":{"rendered":"http:\/\/artrevolution.ro\/?page_id=80674"},"modified":"2026-01-12T10:25:28","modified_gmt":"2026-01-12T08:25:28","slug":"the-network","status":"publish","type":"page","link":"https:\/\/artrevolution.ro\/index.php\/the-network\/","title":{"rendered":"The Network"},"content":{"rendered":"<div class=\"wpb-content-wrapper\"><p>[vc_row][vc_column width=&#8221;1\/1&#8243;][vc_single_image media=&#8221;80701&#8243; media_width_percent=&#8221;80&#8243; alignment=&#8221;center&#8221; uncode_shortcode_id=&#8221;111043&#8243;][\/vc_column][\/vc_row][vc_row][vc_column width=&#8221;1\/1&#8243;][vc_column_text uncode_shortcode_id=&#8221;171632&#8243;]<strong>The Network<\/strong> este prima aplica\u021bie de mobil din Rom\u00e2nia dedicat\u0103 reg\u0103sirii \u00eencrederii \u00een sine dup\u0103 o rela\u021bie complicat\u0103 \u0219i creat\u0103 s\u0103 completeze experien\u021ba spectacolului de teatru ReStart.<\/p>\n<p><em>\u201eProvoc publicul s\u0103 se ridice din fotoliul de spectator \u0219i s\u0103 devin\u0103 personaj principal, s\u0103 \u00ee\u0219i tr\u0103iasc\u0103 propria poveste, propriile victorii, b\u0103t\u0103lii personale,<\/em><br \/>\n<em>desp\u0103r\u021biri \u0219i reg\u0103siri prin aplica\u021bia de mobil The Network.\u201d<\/em><br \/>\n\u2014 Ozana Nicolau, ini\u021biatoarea proiectului<\/p>\n<p>The Network invit\u0103 publicul la explorarea inedit\u0103 a ora\u0219ului, a geografiei sale subiective, prin intermediul unei serii de pove\u0219ti de succes ale femeilor care au ie\u0219it din rela\u021bii toxice. Aplica\u021bia de mobil dezv\u0103luie aspectele esen\u021biale din c\u0103l\u0103toria interioar\u0103 de reg\u0103sire a curajului \u0219i rolul comunit\u0103\u021bii ca surs\u0103 de sprijin. The Network este disponibil\u0103 gratuit pe platformele:<\/p>\n<p><a href=\"https:\/\/play.google.com\/store\/apps\/details?id=com.colorfulcoding.thenetwork&amp;pli=1\">Google Play: TheNetwork<\/a><br \/>\n<a href=\"https:\/\/apps.apple.com\/us\/app\/the-network\/id6471418377\">Apple Store: TheNetwork<\/a><\/p>\n<p>Fiecare poveste este redata printr-o \u00eenregistrare audio care dureaz\u0103 aproximativ 15 minute \u0219i este conceput\u0103 ca o dubl\u0103 c\u0103l\u0103torie emo\u021bional\u0103 a utilizatorului, care,<br \/>\n\u00een paralel cu imersarea \u00een pove\u0219tile de via\u021b\u0103 ale femeilor care au luat-o de la zero, trece printr-un proces de auto-reflec\u021bie.<\/p>\n<p>The Network face parte dintr-un proiect cross-media al\u0103turi de spectacolul de teatru ReStart. Cele dou\u0103 produse artistice \u2013 spectacolul de teatru \u0219i aplica\u021bia The Network \u2013 sunt concepute ca p\u0103r\u021bi complementare pentru a oferi o experien\u021b\u0103 \u00een care publicul are un rol activ.<\/p>\n<p>Pornind de la m\u0103rturiile disponibile online, publicul este invitat s\u0103 participe \u0219i la spectacolul de teatru ReStart, care se joac\u0103 la Centrul Replika. Cei care au v\u0103zut<br \/>\ndeja spectacolul pot accesa acum \u0219i aplica\u021bia.<\/p>\n<p>Accesul la spectacol este gratuit, \u00een baza unei rezerv\u0103ri prealabile pe <a href=\"mailto:artrev.ro@gmail.com\">email<\/a>.[\/vc_column_text][\/vc_column][\/vc_row]<\/p>\n<\/div>","protected":false},"excerpt":{"rendered":"<p>[vc_row][vc_column width=&#8221;1\/1&#8243;][vc_single_image media=&#8221;80701&#8243; media_width_percent=&#8221;80&#8243; alignment=&#8221;center&#8221; uncode_shortcode_id=&#8221;111043&#8243;][\/vc_column][\/vc_row][vc_row][vc_column width=&#8221;1\/1&#8243;][vc_column_text uncode_shortcode_id=&#8221;171632&#8243;]The Network este prima aplica\u021bie de mobil din Rom\u00e2nia dedicat\u0103 reg\u0103sirii \u00eencrederii \u00een [&hellip;]<\/p>\n","protected":false},"author":1,"featured_media":0,"parent":0,"menu_order":0,"comment_status":"closed","ping_status":"closed","template":"","meta":{"footnotes":""},"class_list":["post-80674","page","type-page","status-publish","hentry"],"_links":{"self":[{"href":"https:\/\/artrevolution.ro\/index.php\/wp-json\/wp\/v2\/pages\/80674","targetHints":{"allow":["GET"]}}],"collection":[{"href":"https:\/\/artrevolution.ro\/index.php\/wp-json\/wp\/v2\/pages"}],"about":[{"href":"https:\/\/artrevolution.ro\/index.php\/wp-json\/wp\/v2\/types\/page"}],"author":[{"embeddable":true,"href":"https:\/\/artrevolution.ro\/index.php\/wp-json\/wp\/v2\/users\/1"}],"replies":[{"embeddable":true,"href":"https:\/\/artrevolution.ro\/index.php\/wp-json\/wp\/v2\/comments?post=80674"}],"version-history":[{"count":12,"href":"https:\/\/artrevolution.ro\/index.php\/wp-json\/wp\/v2\/pages\/80674\/revisions"}],"predecessor-version":[{"id":80914,"href":"https:\/\/artrevolution.ro\/index.php\/wp-json\/wp\/v2\/pages\/80674\/revisions\/80914"}],"wp:attachment":[{"href":"https:\/\/artrevolution.ro\/index.php\/wp-json\/wp\/v2\/media?parent=80674"}],"curies":[{"name":"wp","href":"https:\/\/api.w.org\/{rel}","templated":true}]}}